{"id":2,"date":"2026-05-06T09:29:45","date_gmt":"2026-05-06T09:29:45","guid":{"rendered":"https:\/\/gorapetaberna.rkinformatika.online\/?page_id=2"},"modified":"2026-05-08T07:38:51","modified_gmt":"2026-05-08T07:38:51","slug":"inicio","status":"publish","type":"page","link":"https:\/\/gorapetaberna.com\/eu\/","title":{"rendered":"Hasiera"},"content":{"rendered":"<div data-elementor-type=\"wp-page\" data-elementor-id=\"2\" class=\"elementor elementor-2\" data-elementor-post-type=\"page\">\n\t\t\t\t<div class=\"elementor-element elementor-element-2c93214 e-flex e-con-boxed e-con e-parent\" data-id=\"2c93214\" data-element_type=\"container\" data-e-type=\"container\" data-settings=\"{&quot;background_background&quot;:&quot;classic&quot;}\">\n\t\t\t\t\t<div class=\"e-con-inner\">\n\t\t<div class=\"elementor-element elementor-element-44be1f3 e-con-full e-flex e-con e-child\" data-id=\"44be1f3\" data-element_type=\"container\" data-e-type=\"container\">\n\t\t\t\t<div class=\"elementor-element elementor-element-eefa2b0 elementor-invisible elementor-widget elementor-widget-heading\" data-id=\"eefa2b0\" data-element_type=\"widget\" data-e-type=\"widget\" data-settings=\"{&quot;_animation&quot;:&quot;fadeInDown&quot;}\" data-widget_type=\"heading.default\">\n\t\t\t\t\t<h2 class=\"elementor-heading-title elementor-size-default\">Tapak, barreak eta erroilu ona!<\/h2>\t\t\t\t<\/div>\n\t\t\t\t<\/div>\n\t\t\t\t\t<\/div>\n\t\t\t\t<\/div>\n\t\t<div class=\"elementor-element elementor-element-4b7b7fc e-flex e-con-boxed elementor-invisible e-con e-parent\" data-id=\"4b7b7fc\" data-element_type=\"container\" data-e-type=\"container\" data-settings=\"{&quot;background_background&quot;:&quot;classic&quot;,&quot;animation&quot;:&quot;fadeInLeft&quot;}\">\n\t\t\t\t\t<div class=\"e-con-inner\">\n\t\t<div class=\"elementor-element elementor-element-78ca10b e-con-full e-flex e-con e-child\" data-id=\"78ca10b\" data-element_type=\"container\" data-e-type=\"container\">\n\t\t\t\t<div class=\"elementor-element elementor-element-d85d550 elementor-position-left elementor-vertical-align-middle elementor-widget__width-initial elementor-widget elementor-widget-image-box\" data-id=\"d85d550\" data-element_type=\"widget\" data-e-type=\"widget\" data-widget_type=\"image-box.default\">\n\t\t\t\t\t<div class=\"elementor-image-box-wrapper\"><figure class=\"elementor-image-box-img\"><img fetchpriority=\"high\" decoding=\"async\" width=\"512\" height=\"512\" src=\"https:\/\/gorapetaberna.com\/wp-content\/uploads\/2026\/05\/cropped-ico_web2-removebg-preview.png\" class=\"attachment-full size-full wp-image-34\" alt=\"\" srcset=\"https:\/\/gorapetaberna.com\/wp-content\/uploads\/2026\/05\/cropped-ico_web2-removebg-preview.png 512w, https:\/\/gorapetaberna.com\/wp-content\/uploads\/2026\/05\/cropped-ico_web2-removebg-preview-300x300.png 300w, https:\/\/gorapetaberna.com\/wp-content\/uploads\/2026\/05\/cropped-ico_web2-removebg-preview-150x150.png 150w, https:\/\/gorapetaberna.com\/wp-content\/uploads\/2026\/05\/cropped-ico_web2-removebg-preview-12x12.png 12w, https:\/\/gorapetaberna.com\/wp-content\/uploads\/2026\/05\/cropped-ico_web2-removebg-preview-270x270.png 270w, https:\/\/gorapetaberna.com\/wp-content\/uploads\/2026\/05\/cropped-ico_web2-removebg-preview-192x192.png 192w, https:\/\/gorapetaberna.com\/wp-content\/uploads\/2026\/05\/cropped-ico_web2-removebg-preview-180x180.png 180w, https:\/\/gorapetaberna.com\/wp-content\/uploads\/2026\/05\/cropped-ico_web2-removebg-preview-32x32.png 32w\" sizes=\"(max-width: 512px) 100vw, 512px\" \/><\/figure><div class=\"elementor-image-box-content\"><p class=\"elementor-image-box-description\">Hemen mokadu bakoitzak gosea irekitzen du eta erronda bakoitzak gozatzen jarraitzeko gonbita egiten du<\/p><\/div><\/div>\t\t\t\t<\/div>\n\t\t\t\t<div class=\"elementor-element elementor-element-665fc3b elementor-widget elementor-widget-heading\" data-id=\"665fc3b\" data-element_type=\"widget\" data-e-type=\"widget\" data-widget_type=\"heading.default\">\n\t\t\t\t\t<h2 class=\"elementor-heading-title elementor-size-default\">Partekatzeko zaporea!<\/h2>\t\t\t\t<\/div>\n\t\t\t\t<div class=\"elementor-element elementor-element-644305e elementor-widget elementor-widget-text-editor\" data-id=\"644305e\" data-element_type=\"widget\" data-e-type=\"widget\" data-widget_type=\"text-editor.default\">\n\t\t\t\t\t\t\t\t\t<p>Taberna 1985etik dabil eta ni naiz jabea 2001etik.<\/p><p>Urte hauetan guztietan, bezero asko erakartzen dituen giro abegitsua eta familiarra sortzea lortu dugu.<\/p><p>Gainera, terraza handi eta zabal bat dugu, gure bisitariek aire zabaleko edariez eta janariez gozatzeko, batez ere egun eguzkitsuetan.<\/p>\t\t\t\t\t\t\t\t<\/div>\n\t\t\t\t<\/div>\n\t\t<div class=\"elementor-element elementor-element-0fd6101 e-con-full e-flex e-con e-child\" data-id=\"0fd6101\" data-element_type=\"container\" data-e-type=\"container\">\n\t\t\t\t<div class=\"elementor-element elementor-element-73f29c3 elementor-widget elementor-widget-image\" data-id=\"73f29c3\" data-element_type=\"widget\" data-e-type=\"widget\" data-widget_type=\"image.default\">\n\t\t\t\t\t\t\t\t\t\t\t\t\t\t\t<img decoding=\"async\" width=\"800\" height=\"566\" src=\"https:\/\/gorapetaberna.com\/wp-content\/uploads\/2026\/05\/Captura-desde-2026-05-08-09-14-16-1024x725.png\" class=\"elementor-animation-shrink attachment-large size-large wp-image-405\" alt=\"\" srcset=\"https:\/\/gorapetaberna.com\/wp-content\/uploads\/2026\/05\/Captura-desde-2026-05-08-09-14-16-1024x725.png 1024w, https:\/\/gorapetaberna.com\/wp-content\/uploads\/2026\/05\/Captura-desde-2026-05-08-09-14-16-300x212.png 300w, https:\/\/gorapetaberna.com\/wp-content\/uploads\/2026\/05\/Captura-desde-2026-05-08-09-14-16-768x543.png 768w, https:\/\/gorapetaberna.com\/wp-content\/uploads\/2026\/05\/Captura-desde-2026-05-08-09-14-16-18x12.png 18w, https:\/\/gorapetaberna.com\/wp-content\/uploads\/2026\/05\/Captura-desde-2026-05-08-09-14-16.png 1108w\" sizes=\"(max-width: 800px) 100vw, 800px\" \/>\t\t\t\t\t\t\t\t\t\t\t\t\t\t\t<\/div>\n\t\t\t\t<\/div>\n\t\t\t\t\t<\/div>\n\t\t\t\t<\/div>\n\t\t<div class=\"elementor-element elementor-element-be1b691 e-flex e-con-boxed e-con e-parent\" data-id=\"be1b691\" data-element_type=\"container\" data-e-type=\"container\" data-settings=\"{&quot;background_background&quot;:&quot;classic&quot;}\">\n\t\t\t\t\t<div class=\"e-con-inner\">\n\t\t\t\t<div class=\"elementor-element elementor-element-873fa3a elementor-invisible elementor-widget elementor-widget-heading\" data-id=\"873fa3a\" data-element_type=\"widget\" data-e-type=\"widget\" data-settings=\"{&quot;_animation&quot;:&quot;fadeInRight&quot;}\" data-widget_type=\"heading.default\">\n\t\t\t\t\t<h2 class=\"elementor-heading-title elementor-size-default\">Hemen mokadu bakoitzak gosea zabaltzen du eta erronda bakoitzak gozatzen jarraitzera gonbidatzen du!<\/h2>\t\t\t\t<\/div>\n\t\t\t\t<div class=\"elementor-element elementor-element-d5b1e09 elementor-tablet-align-center elementor-align-center elementor-invisible elementor-widget elementor-widget-button\" data-id=\"d5b1e09\" data-element_type=\"widget\" data-e-type=\"widget\" data-settings=\"{&quot;_animation&quot;:&quot;fadeInLeft&quot;}\" data-widget_type=\"button.default\">\n\t\t\t\t\t\t\t\t\t\t<a class=\"elementor-button elementor-button-link elementor-size-sm elementor-animation-float\" href=\"\/eu\/servicios\/\">\n\t\t\t\t\t\t<span class=\"elementor-button-content-wrapper\">\n\t\t\t\t\t\t\t\t\t<span class=\"elementor-button-text\">Zerbitzuak<\/span>\n\t\t\t\t\t<\/span>\n\t\t\t\t\t<\/a>\n\t\t\t\t\t\t\t\t<\/div>\n\t\t\t\t\t<\/div>\n\t\t\t\t<\/div>\n\t\t<div class=\"elementor-element elementor-element-c215b7e e-flex e-con-boxed elementor-invisible e-con e-parent\" data-id=\"c215b7e\" data-element_type=\"container\" data-e-type=\"container\" data-settings=\"{&quot;background_background&quot;:&quot;classic&quot;,&quot;animation&quot;:&quot;fadeInLeft&quot;}\">\n\t\t\t\t\t<div class=\"e-con-inner\">\n\t\t<div class=\"elementor-element elementor-element-b56f736 e-con-full e-flex e-con e-child\" data-id=\"b56f736\" data-element_type=\"container\" data-e-type=\"container\">\n\t\t\t\t<div class=\"elementor-element elementor-element-f3cf0d3 elementor-position-left elementor-vertical-align-middle elementor-widget__width-initial elementor-widget elementor-widget-image-box\" data-id=\"f3cf0d3\" data-element_type=\"widget\" data-e-type=\"widget\" data-widget_type=\"image-box.default\">\n\t\t\t\t\t<div class=\"elementor-image-box-wrapper\"><figure class=\"elementor-image-box-img\"><img fetchpriority=\"high\" decoding=\"async\" width=\"512\" height=\"512\" src=\"https:\/\/gorapetaberna.com\/wp-content\/uploads\/2026\/05\/cropped-ico_web2-removebg-preview.png\" class=\"attachment-full size-full wp-image-34\" alt=\"\" srcset=\"https:\/\/gorapetaberna.com\/wp-content\/uploads\/2026\/05\/cropped-ico_web2-removebg-preview.png 512w, https:\/\/gorapetaberna.com\/wp-content\/uploads\/2026\/05\/cropped-ico_web2-removebg-preview-300x300.png 300w, https:\/\/gorapetaberna.com\/wp-content\/uploads\/2026\/05\/cropped-ico_web2-removebg-preview-150x150.png 150w, https:\/\/gorapetaberna.com\/wp-content\/uploads\/2026\/05\/cropped-ico_web2-removebg-preview-12x12.png 12w, https:\/\/gorapetaberna.com\/wp-content\/uploads\/2026\/05\/cropped-ico_web2-removebg-preview-270x270.png 270w, https:\/\/gorapetaberna.com\/wp-content\/uploads\/2026\/05\/cropped-ico_web2-removebg-preview-192x192.png 192w, https:\/\/gorapetaberna.com\/wp-content\/uploads\/2026\/05\/cropped-ico_web2-removebg-preview-180x180.png 180w, https:\/\/gorapetaberna.com\/wp-content\/uploads\/2026\/05\/cropped-ico_web2-removebg-preview-32x32.png 32w\" sizes=\"(max-width: 512px) 100vw, 512px\" \/><\/figure><div class=\"elementor-image-box-content\"><h3 class=\"elementor-image-box-title\">Gure janaria<\/h3><\/div><\/div>\t\t\t\t<\/div>\n\t\t\t\t<div class=\"elementor-element elementor-element-908b9e3 elementor-widget elementor-widget-heading\" data-id=\"908b9e3\" data-element_type=\"widget\" data-e-type=\"widget\" data-widget_type=\"heading.default\">\n\t\t\t\t\t<h2 class=\"elementor-heading-title elementor-size-default\">Zaporez betetako mokadu txikiak, errepikatzea merezi duten une handietarako<\/h2>\t\t\t\t<\/div>\n\t\t\t\t<div class=\"elementor-element elementor-element-b7816e8 elementor-widget elementor-widget-heading\" data-id=\"b7816e8\" data-element_type=\"widget\" data-e-type=\"widget\" data-widget_type=\"heading.default\">\n\t\t\t\t\t<h2 class=\"elementor-heading-title elementor-size-default\"><a href=\"https:\/\/gorapetaberna.com\/wp-content\/uploads\/2026\/05\/menu_lacarta.png\">Ikusi menua<\/a><\/h2>\t\t\t\t<\/div>\n\t\t\t\t<\/div>\n\t\t\t\t\t<\/div>\n\t\t\t\t<\/div>\n\t\t<div class=\"elementor-element elementor-element-c67337e e-flex e-con-boxed e-con e-parent\" data-id=\"c67337e\" data-element_type=\"container\" data-e-type=\"container\">\n\t\t\t\t\t<div class=\"e-con-inner\">\n\t\t<div class=\"elementor-element elementor-element-c797e0d e-con-full e-flex e-con e-child\" data-id=\"c797e0d\" data-element_type=\"container\" data-e-type=\"container\">\n\t\t\t\t<div class=\"elementor-element elementor-element-a05a57d elementor-cta--skin-classic elementor-animated-content elementor-bg-transform elementor-bg-transform-zoom-in elementor-widget elementor-widget-call-to-action\" data-id=\"a05a57d\" data-element_type=\"widget\" data-e-type=\"widget\" data-widget_type=\"call-to-action.default\">\n\t\t\t\t\t\t\t<div class=\"elementor-cta\">\n\t\t\t\t\t<div class=\"elementor-cta__bg-wrapper\">\n\t\t\t\t<div class=\"elementor-cta__bg elementor-bg\" style=\"background-image: url(https:\/\/gorapetaberna.com\/wp-content\/uploads\/2026\/05\/Captura-desde-2026-05-08-09-16-03-1024x715.png);\" role=\"img\" aria-label=\"\"><\/div>\n\t\t\t\t<div class=\"elementor-cta__bg-overlay\"><\/div>\n\t\t\t<\/div>\n\t\t\t\t\t\t\t<div class=\"elementor-cta__content\">\n\t\t\t\t\n\t\t\t\t\t\t\t\t\t<h2 class=\"elementor-cta__title elementor-cta__content-item elementor-content-item\">\n\t\t\t\t\t\tPINTXOAK\t\t\t\t\t<\/h2>\n\t\t\t\t\n\t\t\t\t\n\t\t\t\t\t\t\t<\/div>\n\t\t\t\t\t\t<\/div>\n\t\t\t\t\t\t<\/div>\n\t\t\t\t<\/div>\n\t\t<div class=\"elementor-element elementor-element-775d2b6 e-con-full e-flex e-con e-child\" data-id=\"775d2b6\" data-element_type=\"container\" data-e-type=\"container\">\n\t\t\t\t<div class=\"elementor-element elementor-element-d57eecc elementor-cta--skin-classic elementor-animated-content elementor-bg-transform elementor-bg-transform-zoom-in elementor-widget elementor-widget-call-to-action\" data-id=\"d57eecc\" data-element_type=\"widget\" data-e-type=\"widget\" data-widget_type=\"call-to-action.default\">\n\t\t\t\t\t\t\t<div class=\"elementor-cta\">\n\t\t\t\t\t<div class=\"elementor-cta__bg-wrapper\">\n\t\t\t\t<div class=\"elementor-cta__bg elementor-bg\" style=\"background-image: url(https:\/\/gorapetaberna.com\/wp-content\/uploads\/2026\/05\/Captura-desde-2026-05-08-09-16-21.png);\" role=\"img\" aria-label=\"\"><\/div>\n\t\t\t\t<div class=\"elementor-cta__bg-overlay\"><\/div>\n\t\t\t<\/div>\n\t\t\t\t\t\t\t<div class=\"elementor-cta__content\">\n\t\t\t\t\n\t\t\t\t\t\t\t\t\t<h2 class=\"elementor-cta__title elementor-cta__content-item elementor-content-item\">\n\t\t\t\t\t\tMokadutxoak\t\t\t\t\t<\/h2>\n\t\t\t\t\n\t\t\t\t\n\t\t\t\t\t\t\t<\/div>\n\t\t\t\t\t\t<\/div>\n\t\t\t\t\t\t<\/div>\n\t\t\t\t<\/div>\n\t\t<div class=\"elementor-element elementor-element-37401ca e-con-full e-flex e-con e-child\" data-id=\"37401ca\" data-element_type=\"container\" data-e-type=\"container\">\n\t\t\t\t<div class=\"elementor-element elementor-element-43595bd elementor-cta--skin-classic elementor-animated-content elementor-bg-transform elementor-bg-transform-zoom-in elementor-widget elementor-widget-call-to-action\" data-id=\"43595bd\" data-element_type=\"widget\" data-e-type=\"widget\" data-widget_type=\"call-to-action.default\">\n\t\t\t\t\t\t\t<div class=\"elementor-cta\">\n\t\t\t\t\t<div class=\"elementor-cta__bg-wrapper\">\n\t\t\t\t<div class=\"elementor-cta__bg elementor-bg\" style=\"background-image: url(https:\/\/gorapetaberna.com\/wp-content\/uploads\/2026\/05\/Captura-desde-2026-05-08-09-14-36.png);\" role=\"img\" aria-label=\"\"><\/div>\n\t\t\t\t<div class=\"elementor-cta__bg-overlay\"><\/div>\n\t\t\t<\/div>\n\t\t\t\t\t\t\t<div class=\"elementor-cta__content\">\n\t\t\t\t\n\t\t\t\t\t\t\t\t\t<h2 class=\"elementor-cta__title elementor-cta__content-item elementor-content-item\">\n\t\t\t\t\t\tHANBURGESAK\t\t\t\t\t<\/h2>\n\t\t\t\t\n\t\t\t\t\n\t\t\t\t\t\t\t<\/div>\n\t\t\t\t\t\t<\/div>\n\t\t\t\t\t\t<\/div>\n\t\t\t\t<\/div>\n\t\t<div class=\"elementor-element elementor-element-216098c e-con-full e-flex e-con e-child\" data-id=\"216098c\" data-element_type=\"container\" data-e-type=\"container\">\n\t\t\t\t<div class=\"elementor-element elementor-element-d644e96 elementor-cta--skin-classic elementor-animated-content elementor-bg-transform elementor-bg-transform-zoom-in elementor-widget elementor-widget-call-to-action\" data-id=\"d644e96\" data-element_type=\"widget\" data-e-type=\"widget\" data-widget_type=\"call-to-action.default\">\n\t\t\t\t\t\t\t<div class=\"elementor-cta\">\n\t\t\t\t\t<div class=\"elementor-cta__bg-wrapper\">\n\t\t\t\t<div class=\"elementor-cta__bg elementor-bg\" style=\"background-image: url(https:\/\/gorapetaberna.com\/wp-content\/uploads\/2026\/05\/Captura-desde-2026-05-08-09-16-42.png);\" role=\"img\" aria-label=\"\"><\/div>\n\t\t\t\t<div class=\"elementor-cta__bg-overlay\"><\/div>\n\t\t\t<\/div>\n\t\t\t\t\t\t\t<div class=\"elementor-cta__content\">\n\t\t\t\t\n\t\t\t\t\t\t\t\t\t<h2 class=\"elementor-cta__title elementor-cta__content-item elementor-content-item\">\n\t\t\t\t\t\tERRAZIOAK\t\t\t\t\t<\/h2>\n\t\t\t\t\n\t\t\t\t\n\t\t\t\t\t\t\t<\/div>\n\t\t\t\t\t\t<\/div>\n\t\t\t\t\t\t<\/div>\n\t\t\t\t<\/div>\n\t\t<div class=\"elementor-element elementor-element-9cb873d e-con-full e-flex e-con e-child\" data-id=\"9cb873d\" data-element_type=\"container\" data-e-type=\"container\">\n\t\t\t\t<div class=\"elementor-element elementor-element-257ab63 elementor-cta--skin-classic elementor-animated-content elementor-bg-transform elementor-bg-transform-zoom-in elementor-widget elementor-widget-call-to-action\" data-id=\"257ab63\" data-element_type=\"widget\" data-e-type=\"widget\" data-widget_type=\"call-to-action.default\">\n\t\t\t\t\t\t\t<div class=\"elementor-cta\">\n\t\t\t\t\t<div class=\"elementor-cta__bg-wrapper\">\n\t\t\t\t<div class=\"elementor-cta__bg elementor-bg\" style=\"background-image: url(https:\/\/gorapetaberna.com\/wp-content\/uploads\/2026\/05\/Captura-desde-2026-05-08-09-14-46.png);\" role=\"img\" aria-label=\"\"><\/div>\n\t\t\t\t<div class=\"elementor-cta__bg-overlay\"><\/div>\n\t\t\t<\/div>\n\t\t\t\t\t\t\t<div class=\"elementor-cta__content\">\n\t\t\t\t\n\t\t\t\t\t\t\t\t\t<h2 class=\"elementor-cta__title elementor-cta__content-item elementor-content-item\">\n\t\t\t\t\t\tKONBINATUA\t\t\t\t\t<\/h2>\n\t\t\t\t\n\t\t\t\t\n\t\t\t\t\t\t\t<\/div>\n\t\t\t\t\t\t<\/div>\n\t\t\t\t\t\t<\/div>\n\t\t\t\t<\/div>\n\t\t<div class=\"elementor-element elementor-element-22d5050 e-con-full e-flex e-con e-child\" data-id=\"22d5050\" data-element_type=\"container\" data-e-type=\"container\">\n\t\t\t\t<div class=\"elementor-element elementor-element-8fab4cf elementor-cta--skin-classic elementor-animated-content elementor-bg-transform elementor-bg-transform-zoom-in elementor-widget elementor-widget-call-to-action\" data-id=\"8fab4cf\" data-element_type=\"widget\" data-e-type=\"widget\" data-widget_type=\"call-to-action.default\">\n\t\t\t\t\t\t\t<div class=\"elementor-cta\">\n\t\t\t\t\t<div class=\"elementor-cta__bg-wrapper\">\n\t\t\t\t<div class=\"elementor-cta__bg elementor-bg\" style=\"background-image: url(https:\/\/gorapetaberna.com\/wp-content\/uploads\/2026\/05\/2148617304-1024x683.jpg);\" role=\"img\" aria-label=\"2148617304\"><\/div>\n\t\t\t\t<div class=\"elementor-cta__bg-overlay\"><\/div>\n\t\t\t<\/div>\n\t\t\t\t\t\t\t<div class=\"elementor-cta__content\">\n\t\t\t\t\n\t\t\t\t\t\t\t\t\t<h2 class=\"elementor-cta__title elementor-cta__content-item elementor-content-item\">\n\t\t\t\t\t\tSandwichak\t\t\t\t\t<\/h2>\n\t\t\t\t\n\t\t\t\t\n\t\t\t\t\t\t\t<\/div>\n\t\t\t\t\t\t\t<div class=\"elementor-ribbon\">\n\t\t\t\t<div class=\"elementor-ribbon-inner\">\n\t\t\t\t\tAPROVECHE\t\t\t\t<\/div>\n\t\t\t<\/div>\n\t\t\t\t<\/div>\n\t\t\t\t\t\t<\/div>\n\t\t\t\t<\/div>\n\t\t\t\t\t<\/div>\n\t\t\t\t<\/div>\n\t\t\t\t<\/div>","protected":false},"excerpt":{"rendered":"<p>\u00a1Tapas, risas y buen rollo! Aqu\u00ed cada bocado abre el apetito y cada ronda invita a seguir disfrutando \u00a1El sabor de compartir! El bar lleva funcionando desde 1985 y yo soy el propietario desde el a\u00f1o 2001. Durante todos estos a\u00f1os, hemos logrado crear un ambiente acogedor y familiar que atrae a muchos clientes. Adem\u00e1s, [&hellip;]<\/p>\n","protected":false},"author":1,"featured_media":0,"parent":0,"menu_order":0,"comment_status":"closed","ping_status":"closed","template":"elementor_canvas","meta":{"footnotes":""},"class_list":["post-2","page","type-page","status-publish","hentry"],"yoast_head":"<!-- This site is optimized with the Yoast SEO plugin v27.6 - https:\/\/yoast.com\/product\/yoast-seo-wordpress\/ -->\n<title>Inicio - Gorape Taberna<\/title>\n<meta name=\"robots\" content=\"index, follow, max-snippet:-1, max-image-preview:large, max-video-preview:-1\" \/>\n<link rel=\"canonical\" href=\"https:\/\/gorapetaberna.com\/eu\/\" \/>\n<meta property=\"og:locale\" content=\"en_US\" \/>\n<meta property=\"og:type\" content=\"article\" \/>\n<meta property=\"og:title\" content=\"Inicio - Gorape Taberna\" \/>\n<meta property=\"og:description\" content=\"\u00a1Tapas, risas y buen rollo! Aqu\u00ed cada bocado abre el apetito y cada ronda invita a seguir disfrutando \u00a1El sabor de compartir! El bar lleva funcionando desde 1985 y yo soy el propietario desde el a\u00f1o 2001. Durante todos estos a\u00f1os, hemos logrado crear un ambiente acogedor y familiar que atrae a muchos clientes. Adem\u00e1s, [&hellip;]\" \/>\n<meta property=\"og:url\" content=\"https:\/\/gorapetaberna.com\/eu\/\" \/>\n<meta property=\"og:site_name\" content=\"Gorape Taberna\" \/>\n<meta property=\"article:modified_time\" content=\"2026-05-08T07:38:51+00:00\" \/>\n<meta property=\"og:image\" content=\"https:\/\/gorapetaberna.com\/wp-content\/uploads\/2026\/05\/cropped-ico_web2-removebg-preview.png\" \/>\n<meta name=\"twitter:card\" content=\"summary_large_image\" \/>\n<meta name=\"twitter:label1\" content=\"Est. reading time\" \/>\n\t<meta name=\"twitter:data1\" content=\"1 minutua\" \/>\n<script type=\"application\/ld+json\" class=\"yoast-schema-graph\">{\"@context\":\"https:\\\/\\\/schema.org\",\"@graph\":[{\"@type\":\"WebPage\",\"@id\":\"https:\\\/\\\/gorapetaberna.com\\\/\",\"url\":\"https:\\\/\\\/gorapetaberna.com\\\/\",\"name\":\"Inicio - Gorape Taberna\",\"isPartOf\":{\"@id\":\"https:\\\/\\\/gorapetaberna.com\\\/#website\"},\"primaryImageOfPage\":{\"@id\":\"https:\\\/\\\/gorapetaberna.com\\\/#primaryimage\"},\"image\":{\"@id\":\"https:\\\/\\\/gorapetaberna.com\\\/#primaryimage\"},\"thumbnailUrl\":\"https:\\\/\\\/gorapetaberna.com\\\/wp-content\\\/uploads\\\/2026\\\/05\\\/cropped-ico_web2-removebg-preview.png\",\"datePublished\":\"2026-05-06T09:29:45+00:00\",\"dateModified\":\"2026-05-08T07:38:51+00:00\",\"breadcrumb\":{\"@id\":\"https:\\\/\\\/gorapetaberna.com\\\/#breadcrumb\"},\"inLanguage\":\"eu\",\"potentialAction\":[{\"@type\":\"ReadAction\",\"target\":[\"https:\\\/\\\/gorapetaberna.com\\\/\"]}]},{\"@type\":\"ImageObject\",\"inLanguage\":\"eu\",\"@id\":\"https:\\\/\\\/gorapetaberna.com\\\/#primaryimage\",\"url\":\"https:\\\/\\\/gorapetaberna.com\\\/wp-content\\\/uploads\\\/2026\\\/05\\\/cropped-ico_web2-removebg-preview.png\",\"contentUrl\":\"https:\\\/\\\/gorapetaberna.com\\\/wp-content\\\/uploads\\\/2026\\\/05\\\/cropped-ico_web2-removebg-preview.png\"},{\"@type\":\"BreadcrumbList\",\"@id\":\"https:\\\/\\\/gorapetaberna.com\\\/#breadcrumb\",\"itemListElement\":[{\"@type\":\"ListItem\",\"position\":1,\"name\":\"Portada\",\"item\":\"https:\\\/\\\/gorapetaberna.com\\\/\"},{\"@type\":\"ListItem\",\"position\":2,\"name\":\"Inicio\"}]},{\"@type\":\"WebSite\",\"@id\":\"https:\\\/\\\/gorapetaberna.com\\\/#website\",\"url\":\"https:\\\/\\\/gorapetaberna.com\\\/\",\"name\":\"Gorape Taberna\",\"description\":\"Gorape Taberna\",\"publisher\":{\"@id\":\"https:\\\/\\\/gorapetaberna.com\\\/#organization\"},\"potentialAction\":[{\"@type\":\"SearchAction\",\"target\":{\"@type\":\"EntryPoint\",\"urlTemplate\":\"https:\\\/\\\/gorapetaberna.com\\\/?s={search_term_string}\"},\"query-input\":{\"@type\":\"PropertyValueSpecification\",\"valueRequired\":true,\"valueName\":\"search_term_string\"}}],\"inLanguage\":\"eu\"},{\"@type\":\"Organization\",\"@id\":\"https:\\\/\\\/gorapetaberna.com\\\/#organization\",\"name\":\"Gorape Taberna\",\"url\":\"https:\\\/\\\/gorapetaberna.com\\\/\",\"logo\":{\"@type\":\"ImageObject\",\"inLanguage\":\"eu\",\"@id\":\"https:\\\/\\\/gorapetaberna.com\\\/#\\\/schema\\\/logo\\\/image\\\/\",\"url\":\"https:\\\/\\\/gorapetaberna.com\\\/wp-content\\\/uploads\\\/2026\\\/05\\\/logo-web.png\",\"contentUrl\":\"https:\\\/\\\/gorapetaberna.com\\\/wp-content\\\/uploads\\\/2026\\\/05\\\/logo-web.png\",\"width\":395,\"height\":168,\"caption\":\"Gorape Taberna\"},\"image\":{\"@id\":\"https:\\\/\\\/gorapetaberna.com\\\/#\\\/schema\\\/logo\\\/image\\\/\"}}]}<\/script>\n<!-- \/ Yoast SEO plugin. -->","yoast_head_json":{"title":"Inicio - Gorape Taberna","robots":{"index":"index","follow":"follow","max-snippet":"max-snippet:-1","max-image-preview":"max-image-preview:large","max-video-preview":"max-video-preview:-1"},"canonical":"https:\/\/gorapetaberna.com\/eu\/","og_locale":"en_US","og_type":"article","og_title":"Inicio - Gorape Taberna","og_description":"\u00a1Tapas, risas y buen rollo! Aqu\u00ed cada bocado abre el apetito y cada ronda invita a seguir disfrutando \u00a1El sabor de compartir! El bar lleva funcionando desde 1985 y yo soy el propietario desde el a\u00f1o 2001. Durante todos estos a\u00f1os, hemos logrado crear un ambiente acogedor y familiar que atrae a muchos clientes. Adem\u00e1s, [&hellip;]","og_url":"https:\/\/gorapetaberna.com\/eu\/","og_site_name":"Gorape Taberna","article_modified_time":"2026-05-08T07:38:51+00:00","og_image":[{"url":"https:\/\/gorapetaberna.com\/wp-content\/uploads\/2026\/05\/cropped-ico_web2-removebg-preview.png","type":"","width":"","height":""}],"twitter_card":"summary_large_image","twitter_misc":{"Est. reading time":"1 minutua"},"schema":{"@context":"https:\/\/schema.org","@graph":[{"@type":"WebPage","@id":"https:\/\/gorapetaberna.com\/","url":"https:\/\/gorapetaberna.com\/","name":"Inicio - Gorape Taberna","isPartOf":{"@id":"https:\/\/gorapetaberna.com\/#website"},"primaryImageOfPage":{"@id":"https:\/\/gorapetaberna.com\/#primaryimage"},"image":{"@id":"https:\/\/gorapetaberna.com\/#primaryimage"},"thumbnailUrl":"https:\/\/gorapetaberna.com\/wp-content\/uploads\/2026\/05\/cropped-ico_web2-removebg-preview.png","datePublished":"2026-05-06T09:29:45+00:00","dateModified":"2026-05-08T07:38:51+00:00","breadcrumb":{"@id":"https:\/\/gorapetaberna.com\/#breadcrumb"},"inLanguage":"eu","potentialAction":[{"@type":"ReadAction","target":["https:\/\/gorapetaberna.com\/"]}]},{"@type":"ImageObject","inLanguage":"eu","@id":"https:\/\/gorapetaberna.com\/#primaryimage","url":"https:\/\/gorapetaberna.com\/wp-content\/uploads\/2026\/05\/cropped-ico_web2-removebg-preview.png","contentUrl":"https:\/\/gorapetaberna.com\/wp-content\/uploads\/2026\/05\/cropped-ico_web2-removebg-preview.png"},{"@type":"BreadcrumbList","@id":"https:\/\/gorapetaberna.com\/#breadcrumb","itemListElement":[{"@type":"ListItem","position":1,"name":"Portada","item":"https:\/\/gorapetaberna.com\/"},{"@type":"ListItem","position":2,"name":"Inicio"}]},{"@type":"WebSite","@id":"https:\/\/gorapetaberna.com\/#website","url":"https:\/\/gorapetaberna.com\/","name":"Gorape Taberna","description":"Gorape Taberna","publisher":{"@id":"https:\/\/gorapetaberna.com\/#organization"},"potentialAction":[{"@type":"SearchAction","target":{"@type":"EntryPoint","urlTemplate":"https:\/\/gorapetaberna.com\/?s={search_term_string}"},"query-input":{"@type":"PropertyValueSpecification","valueRequired":true,"valueName":"search_term_string"}}],"inLanguage":"eu"},{"@type":"Organization","@id":"https:\/\/gorapetaberna.com\/#organization","name":"Gorape Taberna","url":"https:\/\/gorapetaberna.com\/","logo":{"@type":"ImageObject","inLanguage":"eu","@id":"https:\/\/gorapetaberna.com\/#\/schema\/logo\/image\/","url":"https:\/\/gorapetaberna.com\/wp-content\/uploads\/2026\/05\/logo-web.png","contentUrl":"https:\/\/gorapetaberna.com\/wp-content\/uploads\/2026\/05\/logo-web.png","width":395,"height":168,"caption":"Gorape Taberna"},"image":{"@id":"https:\/\/gorapetaberna.com\/#\/schema\/logo\/image\/"}}]}},"_links":{"self":[{"href":"https:\/\/gorapetaberna.com\/eu\/wp-json\/wp\/v2\/pages\/2","targetHints":{"allow":["GET"]}}],"collection":[{"href":"https:\/\/gorapetaberna.com\/eu\/wp-json\/wp\/v2\/pages"}],"about":[{"href":"https:\/\/gorapetaberna.com\/eu\/wp-json\/wp\/v2\/types\/page"}],"author":[{"embeddable":true,"href":"https:\/\/gorapetaberna.com\/eu\/wp-json\/wp\/v2\/users\/1"}],"replies":[{"embeddable":true,"href":"https:\/\/gorapetaberna.com\/eu\/wp-json\/wp\/v2\/comments?post=2"}],"version-history":[{"count":97,"href":"https:\/\/gorapetaberna.com\/eu\/wp-json\/wp\/v2\/pages\/2\/revisions"}],"predecessor-version":[{"id":443,"href":"https:\/\/gorapetaberna.com\/eu\/wp-json\/wp\/v2\/pages\/2\/revisions\/443"}],"wp:attachment":[{"href":"https:\/\/gorapetaberna.com\/eu\/wp-json\/wp\/v2\/media?parent=2"}],"curies":[{"name":"wp","href":"https:\/\/api.w.org\/{rel}","templated":true}]}}